{"id":44,"date":"2021-05-04T14:24:00","date_gmt":"2021-05-04T12:24:00","guid":{"rendered":"http:\/\/egliseduhavre.fr\/?page_id=44"},"modified":"2022-04-08T11:02:09","modified_gmt":"2022-04-08T09:02:09","slug":"qui-sommes-nous","status":"publish","type":"page","link":"https:\/\/egliseduhavre.fr\/index.php\/qui-sommes-nous\/","title":{"rendered":"Qui sommes-nous ?"},"content":{"rendered":"<p>[et_pb_section fb_built=&#8221;1&#8243; _builder_version=&#8221;4.9.2&#8243; _module_preset=&#8221;default&#8221; background_color=&#8221;#dbd9db&#8221; custom_padding=&#8221;20px||35px|||&#8221;][et_pb_row _builder_version=&#8221;4.9.2&#8243; _module_preset=&#8221;default&#8221;][et_pb_column type=&#8221;4_4&#8243; _builder_version=&#8221;4.9.2&#8243; _module_preset=&#8221;default&#8221;][et_pb_text _builder_version=&#8221;4.9.2&#8243; _module_preset=&#8221;default&#8221; text_text_color=&#8221;#666666&#8243; header_font=&#8221;||||||||&#8221; header_text_color=&#8221;#666666&#8243; header_font_size=&#8221;48px&#8221;]<\/p>\n<h1>Qui sommes-nous ?\u00a0<\/h1>\n<p>Nous sommes une \u00e9glise protestante \u00e9vang\u00e9lique et charismatique. Nous faisons partie d&#8217;une famille d&#8217;\u00e9glises appel\u00e9e New Ground. Nous aimons aussi \u00eatre impliqu\u00e9s avec d&#8217;autres \u00e9glises locales au travers de la pastorale au Havre et affili\u00e9 au C.N.E.F<\/p>\n<p>[\/et_pb_text][et_pb_image src=&#8221;http:\/\/egliseduhavre.fr\/wp-content\/uploads\/2022\/04\/CNEF.jpg&#8221; title_text=&#8221;CNEF&#8221; _builder_version=&#8221;4.9.2&#8243; _module_preset=&#8221;default&#8221; width=&#8221;27%&#8221;][\/et_pb_image][\/et_pb_column][\/et_pb_row][et_pb_row _builder_version=&#8221;4.9.2&#8243; _module_preset=&#8221;default&#8221;][et_pb_column type=&#8221;4_4&#8243; _builder_version=&#8221;4.9.2&#8243; _module_preset=&#8221;default&#8221;][et_pb_text _builder_version=&#8221;4.9.2&#8243; _module_preset=&#8221;default&#8221; text_text_color=&#8221;#666666&#8243; header_font=&#8221;||||||||&#8221; header_text_color=&#8221;#666666&#8243; header_font_size=&#8221;48px&#8221;]<\/p>\n<h1>Quelques valeurs cl\u00e9s qui sont importantes pour nous.<\/h1>\n<p>Voici quelques croyances fondamentales <br \/>&#8211; Sola Scriptura<br \/>&#8211; Sola Gratia<br \/>&#8211; Sola Christus<br \/>&#8211; Soli Deo Gloria<br \/>&#8211; Sola Fide<\/p>\n<p>[\/et_pb_text][et_pb_text _builder_version=&#8221;4.9.2&#8243; _module_preset=&#8221;default&#8221; text_text_color=&#8221;#666666&#8243; header_font=&#8221;||||||||&#8221; header_text_color=&#8221;#666666&#8243; header_font_size=&#8221;48px&#8221;]<\/p>\n<h1>La promesse de dieu pour nous<\/h1>\n<p>Si vous regardez notre logo, vous pouvez voir du bl\u00e9, du vin et de l&#8217;huile. C&#8217;est parce que Dieu nous a parl\u00e9 en tant qu&#8217;\u00e9glise \u00e0 travers Jo\u00ebl 2:19. Nous croyons en la promesse de Dieu d&#8217;une r\u00e9colte, de vin nouveau et d&#8217;huile fra\u00eeche.<\/p>\n<p>[\/et_pb_text][\/et_pb_column][\/et_pb_row][\/et_pb_section]<\/p>\n","protected":false},"excerpt":{"rendered":"<p>[et_pb_section fb_built=&#8221;1&#8243; _builder_version=&#8221;4.9.2&#8243; _module_preset=&#8221;default&#8221; background_color=&#8221;#dbd9db&#8221; custom_padding=&#8221;20px||35px|||&#8221;][et_pb_row _builder_version=&#8221;4.9.2&#8243; _module_preset=&#8221;default&#8221;][et_pb_column type=&#8221;4_4&#8243; _builder_version=&#8221;4.9.2&#8243; _module_preset=&#8221;default&#8221;][et_pb_text _builder_version=&#8221;4.9.2&#8243; _module_preset=&#8221;default&#8221; text_text_color=&#8221;#666666&#8243; header_font=&#8221;||||||||&#8221; header_text_color=&#8221;#666666&#8243; header_font_size=&#8221;48px&#8221;] Qui sommes-nous ?\u00a0 Nous sommes une \u00e9glise protestante \u00e9vang\u00e9lique et charismatique. Nous faisons partie d&#8217;une famille d&#8217;\u00e9glises appel\u00e9e New Ground. Nous aimons aussi \u00eatre impliqu\u00e9s avec d&#8217;autres \u00e9glises locales au travers de la pastorale au Havre et affili\u00e9 [&hellip;]<\/p>\n","protected":false},"author":1,"featured_media":0,"parent":0,"menu_order":0,"comment_status":"closed","ping_status":"closed","template":"","meta":{"_et_pb_use_builder":"on","_et_pb_old_content":"<!-- wp:divi\/placeholder \/-->","_et_gb_content_width":""},"_links":{"self":[{"href":"https:\/\/egliseduhavre.fr\/index.php\/wp-json\/wp\/v2\/pages\/44"}],"collection":[{"href":"https:\/\/egliseduhavre.fr\/index.php\/wp-json\/wp\/v2\/pages"}],"about":[{"href":"https:\/\/egliseduhavre.fr\/index.php\/wp-json\/wp\/v2\/types\/page"}],"author":[{"embeddable":true,"href":"https:\/\/egliseduhavre.fr\/index.php\/wp-json\/wp\/v2\/users\/1"}],"replies":[{"embeddable":true,"href":"https:\/\/egliseduhavre.fr\/index.php\/wp-json\/wp\/v2\/comments?post=44"}],"version-history":[{"count":5,"href":"https:\/\/egliseduhavre.fr\/index.php\/wp-json\/wp\/v2\/pages\/44\/revisions"}],"predecessor-version":[{"id":121,"href":"https:\/\/egliseduhavre.fr\/index.php\/wp-json\/wp\/v2\/pages\/44\/revisions\/121"}],"wp:attachment":[{"href":"https:\/\/egliseduhavre.fr\/index.php\/wp-json\/wp\/v2\/media?parent=44"}],"curies":[{"name":"wp","href":"https:\/\/api.w.org\/{rel}","templated":true}]}}